{"id":12,"date":"2016-08-10T08:52:10","date_gmt":"2016-08-10T08:52:10","guid":{"rendered":"https:\/\/avadawebsites.wpengine.com\/charity\/?page_id=12"},"modified":"2024-08-29T16:45:52","modified_gmt":"2024-08-29T16:45:52","slug":"donate","status":"publish","type":"page","link":"https:\/\/agapemindworks.org\/es\/donate","title":{"rendered":"Donate"},"content":{"rendered":"<p><div class=\"fusion-fullwidth fullwidth-box fusion-builder-row-1 fusion-flex-container hundred-percent-fullwidth non-hundred-percent-height-scrolling\" style=\"--awb-background-position:left top;--awb-border-sizes-top:0px;--awb-border-sizes-bottom:0px;--awb-border-sizes-left:0px;--awb-border-sizes-right:0px;--awb-border-radius-top-left:0px;--awb-border-radius-top-right:0px;--awb-border-radius-bottom-right:0px;--awb-border-radius-bottom-left:0px;--awb-padding-top:0px;--awb-padding-right:0px;--awb-padding-bottom:0px;--awb-padding-left:0px;--awb-flex-wrap:wrap;\" ><div class=\"fusion-builder-row fusion-row fusion-flex-align-items-stretch fusion-flex-content-wrap\" style=\"width:calc( 100% + 0px ) !important;max-width:calc( 100% + 0px ) !important;margin-left: calc(-0px \/ 2 );margin-right: calc(-0px \/ 2 );\"><div class=\"fusion-layout-column fusion_builder_column fusion-builder-column-0 fusion_builder_column_2_3 2_3 fusion-flex-column\" style=\"--awb-padding-top:100px;--awb-padding-right:10%;--awb-padding-bottom:100px;--awb-padding-left:10%;--awb-bg-color:var(--awb-color2);--awb-bg-color-hover:var(--awb-color2);--awb-bg-size:cover;--awb-width-large:66.666666666667%;--awb-margin-top-large:0px;--awb-spacing-right-large:0px;--awb-margin-bottom-large:0px;--awb-spacing-left-large:0px;--awb-width-medium:100%;--awb-spacing-right-medium:0px;--awb-spacing-left-medium:0px;--awb-width-small:100%;--awb-spacing-right-small:0px;--awb-spacing-left-small:0px;\"><div class=\"fusion-column-wrapper fusion-flex-justify-content-center fusion-content-layout-column\"><div class=\"fusion-title title fusion-title-1 fusion-sep-none fusion-title-text fusion-title-size-two\"><h2 class=\"fusion-title-heading title-heading-left\" style=\"margin:0;text-transform:uppercase;line-height:1;\"><strong>Oportunidad de campe\u00f3n<\/strong><\/h2><\/div><div class=\"fusion-separator\" style=\"align-self: flex-start;margin-right:auto;margin-top:0px;margin-bottom:40px;width:100%;max-width:200px;\"><div class=\"fusion-separator-border sep-single sep-solid\" style=\"--awb-height:20px;--awb-amount:20px;--awb-sep-color:var(--awb-color4);border-color:var(--awb-color4);border-top-width:3px;\"><\/div><\/div><div class=\"fusion-text fusion-text-1\"><p>La misi\u00f3n de Agape Mind Works es promover la innovaci\u00f3n social dotando a ni\u00f1os desfavorecidos de conocimientos tecnol\u00f3gicos. A trav\u00e9s de iniciativas que fomentan la creatividad y el pensamiento cr\u00edtico, la fundaci\u00f3n inspira a los j\u00f3venes a convertirse en agentes de cambio en un mundo cada vez m\u00e1s digital.<\/p>\n<\/div><div class=\"fusion-separator fusion-full-width-sep\" style=\"align-self: center;margin-left: auto;margin-right: auto;margin-top:20px;width:100%;\"><\/div><style>\n        .wpedon-container .wpedon-select,\n        .wpedon-container .wpedon-input {\n            width: 300px;\n            min-width: 300px;\n            max-width: 300px;\n        }\n    <\/style><div class='wpedon-container wpedon-align-left'><label>Trabajos de cimentaci\u00f3n<\/label><br \/><div><br\/><label>Donation amount (USD)<\/label><br \/><input type='number' min='1' step='any' name='ddm_89be36bf2405e7f2b63114df23ddde00' class='wpedon-input' value='10.00' \/><script>\n                jQuery(document).ready(function($){\n                    jQuery('[name=\"ddm_89be36bf2405e7f2b63114df23ddde00\"]').on('change', function(){\n                      jQuery('#amount_89be36bf2405e7f2b63114df23ddde00').val($(this).val());\n                      jQuery('#price_89be36bf2405e7f2b63114df23ddde00').val($(this).val());\n                    });\n                });\n            <\/script><br\/><br\/><\/div><form class='wpedon-form wpedon-form-disabled' id='89be36bf2405e7f2b63114df23ddde00' action='#' method='post' data-trp-original-action=\"#\">\t\t<script\n\t\t\tsrc='https:\/\/www.paypal.com\/sdk\/js?client-id=Advx1wc_4Se6ICsYnMXTqWntyS0F1VdRHIeWnT2Qgv0nFi6sD86KEM9DSxcG79rq_weHqfs1uClL1xDy&merchant-id=YCMRFBFJYUZDU&currency=USD&intent=capture&components=buttons,funding-eligibility&locale=en_US&enable-funding=card'\n\t\t\tdata-partner-attribution-id='WPPlugin_STP_CP'\n\t\t\t\t\t><\/script>\n\t\t<style>\n        .wpedon-paypal-button-container > *,\n        .wpedon-paypal-hosted-fields-container .wpedon-paypal-btn,\n        .wpedon-form .wpedon-or {\n            width: 300px;\n            min-width: 300px;\n            max-width: 300px;\n        }\n        .wpedon-paypal-hosted-fields-container .wpedon-paypal-btn {\n            height: 40px;\n        }\n\t\t<\/style>\n\t\t<script>\n      const wpedonPaypalFunding = [\"paypal\",\"card\"];\n\t\t<\/script>\n\t\t\n\t<!-- Buttons container -->\n\t<div id='wpedon-paypal-button-container-89be36bf2405e7f2b63114df23ddde00' class='wpedon-paypal-button-container wpedon-vertical'><\/div>\n\n\t\t<div id='wpedon-paypal-message-89be36bf2405e7f2b63114df23ddde00' class='wpedon-payment-message'><\/div>\n\n\t<script>\n    const message_89be36bf2405e7f2b63114df23ddde00 = document.getElementById('wpedon-paypal-message-89be36bf2405e7f2b63114df23ddde00');\n    if ( typeof paypal === 'undefined' ) {\n      message_89be36bf2405e7f2b63114df23ddde00.innerHTML = '<span class=\"payment-error\">An error occurred while connecting PayPal SDK. Check the plugin settings.<\/span>';\n      throw 'An error occurred while connecting PayPal SDK. Check the plugin settings.';\n    }\n\n    paypal.getFundingSources().forEach(function (fundingSource) {\n      if ( wpedonPaypalFunding.indexOf(fundingSource) > -1 ) {\n        const style = {\n          shape: 'rect',\n          label: 'donate',\n          height: 40        };\n\n        if ( fundingSource !== 'card' ) {\n          let color = 'gold';\n          if (fundingSource === 'venmo' && color === 'gold') {\n            color = 'blue';\n          } else if (['ideal', 'bancontact', 'giropay', 'eps', 'sofort', 'mybank', 'p24'].indexOf(fundingSource) > -1 && ['gold', 'blue'].indexOf(color) > -1) {\n            color = 'default';\n          } else if (fundingSource === 'credit' && ['darkblue', 'black', 'white'].indexOf(color) === -1) {\n              color = 'darkblue';\n          }\n          style.color = color;\n        }\n\n        const button = paypal.Buttons({\n          fundingSource: fundingSource,\n          style: style,\n          createOrder: function() {\n            message_89be36bf2405e7f2b63114df23ddde00.innerHTML = '';\n\n            const form = document.getElementById('89be36bf2405e7f2b63114df23ddde00');\n            const formData = new FormData(form);\n            formData.append('action', 'wpedon-ppcp-order-create');\n            formData.append('nonce', wpedon.nonce);\n\n            return fetch(wpedon.ajaxUrl, {\n              method: 'post',\n              body: formData\n            }).then(function(response) {\n              return response.json();\n            }).then(function(data) {\n              let orderID = false;\n              if (data.success && data.data.order_id) {\n                orderID = data.data.order_id;\n              } else {\n                throw data.data && data.data.message ? data.data.message : 'An unknown error occurred while creating the order. Please reload the page and try again.';\n              }\n              return orderID;\n            });\n          },\n          onApprove: function(data) {\n            const formData = new FormData();\n\n            formData.append('action', 'wpedon-ppcp-order-finalize');\n            formData.append('nonce', wpedon.nonce);\n            formData.append('order_id', data.orderID);\n\n            return fetch(wpedon.ajaxUrl, {\n              method: 'post',\n              body: formData\n            }).then(function(response) {\n              return response.json();\n            }).then(function(data) {\n              if (data.success) {\n\t\t\t    var return_url = '';\n                if (return_url.length && fundingSource !== 'card') {\n                  window.location.href = return_url;\n                } else {\n                  message_89be36bf2405e7f2b63114df23ddde00.innerHTML = '<span class=\"payment-success\">The payment was successful<\/span>';\n                }\n              } else {\n                throw data.data.message;\n              }\n            });\n          },\n          onCancel: function() {\n            if (wpedon.cancel.length && fundingSource !== 'card') {\n              window.location.href = wpedon.cancel;\n            } else {\n              message_89be36bf2405e7f2b63114df23ddde00.innerHTML = '<span class=\"payment-error\">Payment Cancelled.<\/span>';\n            }\n          },\n          onError: function (error) {\n            message_89be36bf2405e7f2b63114df23ddde00.innerHTML = '<span class=\"payment-error\">' + (error ? error : '<strong>Site admin<\/strong>, an error was detected in the plugin settings.<\/br>Please check the PayPal connection and product settings (price, name, etc.)') + '<\/span>';\n          }\n        });\n\n        if (button.isEligible()) {\n          button.render('#wpedon-paypal-button-container-89be36bf2405e7f2b63114df23ddde00');\n        }\n      }\n    });\n\n\t\t\t<\/script>\n\t<input type='hidden' name='amount' id='amount_89be36bf2405e7f2b63114df23ddde00' value='10.00' \/><input type='hidden' name='price' id='price_89be36bf2405e7f2b63114df23ddde00' value='10.00' \/><input type='hidden' name='item_number' value='' \/><input type='hidden' name='item_name' value='Foundation Work' \/><input type='hidden' name='name' value='Foundation Work' \/><input type='hidden' name='custom' value='1089'><input type='hidden' name='no_shipping' value='1'><input type='hidden' name='no_note' value='1'><input type='hidden' name='currency_code' value='USD'><input type=\"hidden\" name=\"trp-form-language\" value=\"es\"\/><\/form><\/div><\/div><\/div><div class=\"fusion-layout-column fusion_builder_column fusion-builder-column-1 fusion_builder_column_1_3 1_3 fusion-flex-column\" style=\"--awb-padding-top:100px;--awb-padding-right:0px;--awb-padding-bottom:100px;--awb-padding-left:0px;--awb-bg-color:rgba(66,73,178,0.88);--awb-bg-color-hover:rgba(66,73,178,0.88);--awb-bg-position:center center;--awb-bg-blend:overlay;--awb-bg-size:cover;--awb-width-large:33.333333333333%;--awb-margin-top-large:0px;--awb-spacing-right-large:0px;--awb-margin-bottom-large:0px;--awb-spacing-left-large:0px;--awb-width-medium:100%;--awb-order-medium:0;--awb-spacing-right-medium:0px;--awb-spacing-left-medium:0px;--awb-width-small:100%;--awb-order-small:0;--awb-spacing-right-small:0px;--awb-spacing-left-small:0px;\"><div class=\"fusion-column-wrapper lazyload fusion-column-has-shadow fusion-flex-justify-content-center fusion-content-layout-column fusion-column-has-bg-image\" data-bg-url=\"http:\/\/agapemindworks.org\/wp-content\/uploads\/2024\/05\/world_map-200x300.jpg\" data-bg=\"http:\/\/agapemindworks.org\/wp-content\/uploads\/2024\/05\/world_map-200x300.jpg\"><div class=\"fusion-counters-box counters-box row fusion-clearfix fusion-columns-1\" style=\"--awb-body-size:60;--awb-border-color:rgba(224,222,222,0);--awb-title-size:136;--awb-border-color:rgba(224,222,222,0);\"><div class=\"fusion-counter-box fusion-column col-counter-box counter-box-wrapper col-lg-12 col-md-12 col-sm-12\" data-animationoffset=\"top-into-view\"><div class=\"counter-box-container\"><div class=\"content-box-percentage content-box-counter\"><i class=\"counter-box-icon fontawesome-icon charity-heart-o\" aria-hidden=\"true\"><\/i><span class=\"display-counter\" data-value=\"7\" data-direction=\"up\" data-decimals=\"0\">0<\/span><\/div><div class=\"counter-box-content\">Vidas tocadas<\/div><\/div><\/div><div class=\"fusion-counter-box fusion-column col-counter-box counter-box-wrapper col-lg-12 col-md-12 col-sm-12\" data-animationoffset=\"top-into-view\"><div class=\"counter-box-container\"><div class=\"content-box-percentage content-box-counter\"><i class=\"counter-box-icon fontawesome-icon fa-project-diagram fas\" aria-hidden=\"true\"><\/i><span class=\"display-counter\" data-value=\"5\" data-direction=\"up\" data-decimals=\"0\">0<\/span><\/div><div class=\"counter-box-content\">Proyectos activos<\/div><\/div><\/div><div class=\"fusion-counter-box fusion-column col-counter-box counter-box-wrapper col-lg-12 col-md-12 col-sm-12\" data-animationoffset=\"top-into-view\"><div class=\"counter-box-container\"><div class=\"content-box-percentage content-box-counter\"><i class=\"counter-box-icon fontawesome-icon charity-globe\" aria-hidden=\"true\"><\/i><span class=\"display-counter\" data-value=\"3\" data-direction=\"up\" data-decimals=\"0\">0<\/span><\/div><div class=\"counter-box-content\">Pa\u00edses<\/div><\/div><\/div><\/div><\/div><\/div><\/div><\/div><div class=\"fusion-fullwidth fullwidth-box fusion-builder-row-2 fusion-flex-container hundred-percent-fullwidth non-hundred-percent-height-scrolling\" style=\"--awb-background-position:left top;--awb-border-sizes-top:0px;--awb-border-sizes-bottom:0px;--awb-border-sizes-left:0px;--awb-border-sizes-right:0px;--awb-border-radius-top-left:0px;--awb-border-radius-top-right:0px;--awb-border-radius-bottom-right:0px;--awb-border-radius-bottom-left:0px;--awb-padding-top:0px;--awb-padding-right:0px;--awb-padding-bottom:0px;--awb-padding-left:0px;--awb-flex-wrap:wrap;\" ><div class=\"fusion-builder-row fusion-row fusion-flex-align-items-stretch fusion-flex-content-wrap\" style=\"width:calc( 100% + 0px ) !important;max-width:calc( 100% + 0px ) !important;margin-left: calc(-0px \/ 2 );margin-right: calc(-0px \/ 2 );\"><div class=\"fusion-layout-column fusion_builder_column fusion-builder-column-2 fusion_builder_column_1_3 1_3 fusion-flex-column\" style=\"--awb-padding-top:125px;--awb-padding-right:10%;--awb-padding-bottom:125px;--awb-padding-left:10%;--awb-bg-color:rgba(173,79,79,0.91);--awb-bg-color-hover:rgba(173,79,79,0.91);--awb-bg-blend:overlay;--awb-bg-size:cover;--awb-width-large:33.333333333333%;--awb-margin-top-large:0px;--awb-spacing-right-large:0px;--awb-margin-bottom-large:0px;--awb-spacing-left-large:0px;--awb-width-medium:100%;--awb-order-medium:0;--awb-spacing-right-medium:0px;--awb-spacing-left-medium:0px;--awb-width-small:100%;--awb-order-small:0;--awb-spacing-right-small:0px;--awb-spacing-left-small:0px;\"><div class=\"fusion-column-wrapper lazyload fusion-column-has-shadow fusion-flex-justify-content-center fusion-content-layout-column fusion-column-has-bg-image\" data-bg-url=\"http:\/\/agapemindworks.org\/wp-content\/uploads\/2024\/05\/classroomshot-300x225.jpg\" data-bg=\"http:\/\/agapemindworks.org\/wp-content\/uploads\/2024\/05\/classroomshot-300x225.jpg\"><i class=\"fb-icon-element-1 fb-icon-element fontawesome-icon charity-map-marker circle-no\" style=\"--awb-font-size:55px;--awb-margin-top:0;--awb-margin-right:0;--awb-margin-bottom:0;--awb-margin-left:0;--awb-align-self:center;\"><\/i><div class=\"fusion-separator fusion-full-width-sep\" style=\"align-self: center;margin-left: auto;margin-right: auto;margin-top:20px;width:100%;\"><\/div><div class=\"fusion-text fusion-text-2\" style=\"--awb-content-alignment:center;--awb-font-size:24px;--awb-line-height:var(--awb-typography2-line-height);--awb-letter-spacing:var(--awb-typography2-letter-spacing);--awb-text-transform:var(--awb-typography2-text-transform);--awb-text-color:var(--awb-color1);--awb-text-font-family:var(--awb-typography2-font-family);--awb-text-font-weight:var(--awb-typography2-font-weight);--awb-text-font-style:var(--awb-typography2-font-style);\"><p>2200 North Forsyth Rd<br \/>\nOrlando FL, 32807<\/p>\n<\/div><\/div><\/div><div class=\"fusion-layout-column fusion_builder_column fusion-builder-column-3 fusion_builder_column_1_3 1_3 fusion-flex-column\" style=\"--awb-padding-top:125px;--awb-padding-right:10%;--awb-padding-bottom:125px;--awb-padding-left:10%;--awb-bg-color:rgba(219,210,87,0.86);--awb-bg-color-hover:rgba(219,210,87,0.86);--awb-bg-blend:overlay;--awb-bg-size:cover;--awb-width-large:33.333333333333%;--awb-margin-top-large:0px;--awb-spacing-right-large:0px;--awb-margin-bottom-large:0px;--awb-spacing-left-large:0px;--awb-width-medium:100%;--awb-order-medium:0;--awb-spacing-right-medium:0px;--awb-spacing-left-medium:0px;--awb-width-small:100%;--awb-order-small:0;--awb-spacing-right-small:0px;--awb-spacing-left-small:0px;\"><div class=\"fusion-column-wrapper lazyload fusion-column-has-shadow fusion-flex-justify-content-center fusion-content-layout-column fusion-column-has-bg-image\" data-bg-url=\"http:\/\/agapemindworks.org\/wp-content\/uploads\/2024\/05\/pueblo_view-300x226.jpg\" data-bg=\"http:\/\/agapemindworks.org\/wp-content\/uploads\/2024\/05\/pueblo_view-300x226.jpg\"><i class=\"fb-icon-element-2 fb-icon-element fontawesome-icon charity-envelope-o circle-no\" style=\"--awb-font-size:55px;--awb-margin-top:0;--awb-margin-right:0;--awb-margin-bottom:0;--awb-margin-left:0;--awb-align-self:center;\"><\/i><div class=\"fusion-separator fusion-full-width-sep\" style=\"align-self: center;margin-left: auto;margin-right: auto;margin-top:20px;width:100%;\"><\/div><div class=\"fusion-text fusion-text-3\" style=\"--awb-content-alignment:center;--awb-font-size:24px;--awb-line-height:var(--awb-typography2-line-height);--awb-letter-spacing:var(--awb-typography2-letter-spacing);--awb-text-transform:var(--awb-typography2-text-transform);--awb-text-color:var(--awb-color1);--awb-text-font-family:var(--awb-typography2-font-family);--awb-text-font-weight:var(--awb-typography2-font-weight);--awb-text-font-style:var(--awb-typography2-font-style);\"><p>info@agapemindworks.org<\/p>\n<\/div><\/div><\/div><div class=\"fusion-layout-column fusion_builder_column fusion-builder-column-4 fusion_builder_column_1_3 1_3 fusion-flex-column\" style=\"--awb-padding-top:125px;--awb-padding-right:10%;--awb-padding-bottom:125px;--awb-padding-left:10%;--awb-bg-color:rgba(14,76,109,0.84);--awb-bg-color-hover:rgba(14,76,109,0.84);--awb-bg-blend:overlay;--awb-bg-size:cover;--awb-width-large:33.333333333333%;--awb-margin-top-large:0px;--awb-spacing-right-large:0px;--awb-margin-bottom-large:0px;--awb-spacing-left-large:0px;--awb-width-medium:100%;--awb-order-medium:0;--awb-spacing-right-medium:0px;--awb-spacing-left-medium:0px;--awb-width-small:100%;--awb-order-small:0;--awb-spacing-right-small:0px;--awb-spacing-left-small:0px;\"><div class=\"fusion-column-wrapper lazyload fusion-column-has-shadow fusion-flex-justify-content-center fusion-content-layout-column fusion-column-has-bg-image\" data-bg-url=\"http:\/\/agapemindworks.org\/wp-content\/uploads\/2024\/05\/girl_tube-300x225.jpg\" data-bg=\"http:\/\/agapemindworks.org\/wp-content\/uploads\/2024\/05\/girl_tube-300x225.jpg\"><i class=\"fb-icon-element-3 fb-icon-element fontawesome-icon charity-phone circle-no\" style=\"--awb-font-size:55px;--awb-margin-top:0;--awb-margin-right:0;--awb-margin-bottom:0;--awb-margin-left:0;--awb-align-self:center;\"><\/i><div class=\"fusion-separator fusion-full-width-sep\" style=\"align-self: center;margin-left: auto;margin-right: auto;margin-top:20px;width:100%;\"><\/div><div class=\"fusion-text fusion-text-4\" style=\"--awb-content-alignment:center;--awb-font-size:24px;--awb-line-height:var(--awb-typography2-line-height);--awb-letter-spacing:var(--awb-typography2-letter-spacing);--awb-text-transform:var(--awb-typography2-text-transform);--awb-text-color:var(--awb-color1);--awb-text-font-family:var(--awb-typography2-font-family);--awb-text-font-weight:var(--awb-typography2-font-weight);--awb-text-font-style:var(--awb-typography2-font-style);\"><p>WhatsApp 320.999.3432<\/p>\n<\/div><\/div><\/div><\/div><\/div><\/p>","protected":false},"excerpt":{"rendered":"","protected":false},"author":1,"featured_media":0,"parent":0,"menu_order":0,"comment_status":"closed","ping_status":"closed","template":"100-width.php","meta":{"footnotes":""},"_links":{"self":[{"href":"https:\/\/agapemindworks.org\/es\/wp-json\/wp\/v2\/pages\/12"}],"collection":[{"href":"https:\/\/agapemindworks.org\/es\/wp-json\/wp\/v2\/pages"}],"about":[{"href":"https:\/\/agapemindworks.org\/es\/wp-json\/wp\/v2\/types\/page"}],"author":[{"embeddable":true,"href":"https:\/\/agapemindworks.org\/es\/wp-json\/wp\/v2\/users\/1"}],"replies":[{"embeddable":true,"href":"https:\/\/agapemindworks.org\/es\/wp-json\/wp\/v2\/comments?post=12"}],"version-history":[{"count":20,"href":"https:\/\/agapemindworks.org\/es\/wp-json\/wp\/v2\/pages\/12\/revisions"}],"predecessor-version":[{"id":1293,"href":"https:\/\/agapemindworks.org\/es\/wp-json\/wp\/v2\/pages\/12\/revisions\/1293"}],"wp:attachment":[{"href":"https:\/\/agapemindworks.org\/es\/wp-json\/wp\/v2\/media?parent=12"}],"curies":[{"name":"wp","href":"https:\/\/api.w.org\/{rel}","templated":true}]}}